{"id":3477,"date":"2019-09-24T21:15:48","date_gmt":"2019-09-24T19:15:48","guid":{"rendered":"http:\/\/www.asbhp.pl\/produkt\/zestaw-3-piumasek-ffp1\/"},"modified":"2025-10-11T22:29:23","modified_gmt":"2025-10-11T20:29:23","slug":"zestaw-3-piumasek-ffp1","status":"publish","type":"product","link":"https:\/\/asbhp.pl\/?product=zestaw-3-piumasek-ffp1","title":{"rendered":"ZESTAW 3 P\u00d3\u0141MASEK FFP1"},"content":{"rendered":"","protected":false},"excerpt":{"rendered":"<p>ZESTAW 3 P\u00d3\u0141MASEK FFP1<\/p>\n","protected":false},"featured_media":3478,"comment_status":"closed","ping_status":"closed","template":"","meta":[],"product_brand":[],"product_cat":[999,1001],"product_tag":[106],"class_list":{"0":"post-3477","1":"product","2":"type-product","3":"status-publish","4":"has-post-thumbnail","6":"product_cat-ochrona-drog-oddechowych","7":"product_cat-polmaski-filtrujace-krotkiego-uzytku","8":"product_tag-deltaplus","10":"first","11":"instock","12":"purchasable","13":"product-type-simple"},"_links":{"self":[{"href":"https:\/\/asbhp.pl\/index.php?rest_route=\/wp\/v2\/product\/3477","targetHints":{"allow":["GET"]}}],"collection":[{"href":"https:\/\/asbhp.pl\/index.php?rest_route=\/wp\/v2\/product"}],"about":[{"href":"https:\/\/asbhp.pl\/index.php?rest_route=\/wp\/v2\/types\/product"}],"replies":[{"embeddable":true,"href":"https:\/\/asbhp.pl\/index.php?rest_route=%2Fwp%2Fv2%2Fcomments&post=3477"}],"wp:featuredmedia":[{"embeddable":true,"href":"https:\/\/asbhp.pl\/index.php?rest_route=\/wp\/v2\/media\/3478"}],"wp:attachment":[{"href":"https:\/\/asbhp.pl\/index.php?rest_route=%2Fwp%2Fv2%2Fmedia&parent=3477"}],"wp:term":[{"taxonomy":"product_brand","embeddable":true,"href":"https:\/\/asbhp.pl\/index.php?rest_route=%2Fwp%2Fv2%2Fproduct_brand&post=3477"},{"taxonomy":"product_cat","embeddable":true,"href":"https:\/\/asbhp.pl\/index.php?rest_route=%2Fwp%2Fv2%2Fproduct_cat&post=3477"},{"taxonomy":"product_tag","embeddable":true,"href":"https:\/\/asbhp.pl\/index.php?rest_route=%2Fwp%2Fv2%2Fproduct_tag&post=3477"}],"curies":[{"name":"wp","href":"https:\/\/api.w.org\/{rel}","templated":true}]}}