{"id":3583,"date":"2019-09-24T21:16:58","date_gmt":"2019-09-24T19:16:58","guid":{"rendered":"http:\/\/www.asbhp.pl\/produkt\/zestaw-6-filtriw-wst%c2%a2pnych-p2-do-piumaski-serii-m6000-jupiter\/"},"modified":"2025-10-11T22:28:48","modified_gmt":"2025-10-11T20:28:48","slug":"zestaw-6-filtriw-wst%c2%a2pnych-p2-do-piumaski-serii-m6000-jupiter","status":"publish","type":"product","link":"https:\/\/asbhp.pl\/?product=zestaw-6-filtriw-wst%c2%a2pnych-p2-do-piumaski-serii-m6000-jupiter","title":{"rendered":"ZESTAW 6 FILTR\u00d3W WST\u0118PNYCH P2 DO P\u00d3\u0141MASKI SERII M6000-JUPITER"},"content":{"rendered":"","protected":false},"excerpt":{"rendered":"<p>ZESTAW 6 FILTR\u00d3W WST\u0118PNYCH P2 DO P\u00d3\u0141MASKI SERII M6000-JUPITER<\/p>\n","protected":false},"featured_media":3584,"comment_status":"closed","ping_status":"closed","template":"","meta":[],"product_brand":[],"product_cat":[1114,999],"product_tag":[106],"class_list":{"0":"post-3583","1":"product","2":"type-product","3":"status-publish","4":"has-post-thumbnail","6":"product_cat-filtry-i-pochlaniacze","7":"product_cat-ochrona-drog-oddechowych","8":"product_tag-deltaplus","10":"first","11":"instock","12":"purchasable","13":"product-type-simple"},"_links":{"self":[{"href":"https:\/\/asbhp.pl\/index.php?rest_route=\/wp\/v2\/product\/3583","targetHints":{"allow":["GET"]}}],"collection":[{"href":"https:\/\/asbhp.pl\/index.php?rest_route=\/wp\/v2\/product"}],"about":[{"href":"https:\/\/asbhp.pl\/index.php?rest_route=\/wp\/v2\/types\/product"}],"replies":[{"embeddable":true,"href":"https:\/\/asbhp.pl\/index.php?rest_route=%2Fwp%2Fv2%2Fcomments&post=3583"}],"wp:featuredmedia":[{"embeddable":true,"href":"https:\/\/asbhp.pl\/index.php?rest_route=\/wp\/v2\/media\/3584"}],"wp:attachment":[{"href":"https:\/\/asbhp.pl\/index.php?rest_route=%2Fwp%2Fv2%2Fmedia&parent=3583"}],"wp:term":[{"taxonomy":"product_brand","embeddable":true,"href":"https:\/\/asbhp.pl\/index.php?rest_route=%2Fwp%2Fv2%2Fproduct_brand&post=3583"},{"taxonomy":"product_cat","embeddable":true,"href":"https:\/\/asbhp.pl\/index.php?rest_route=%2Fwp%2Fv2%2Fproduct_cat&post=3583"},{"taxonomy":"product_tag","embeddable":true,"href":"https:\/\/asbhp.pl\/index.php?rest_route=%2Fwp%2Fv2%2Fproduct_tag&post=3583"}],"curies":[{"name":"wp","href":"https:\/\/api.w.org\/{rel}","templated":true}]}}