{"id":3589,"date":"2019-09-24T21:17:13","date_gmt":"2019-09-24T19:17:13","guid":{"rendered":"http:\/\/www.asbhp.pl\/produkt\/zestaw-2-pochuaniaczy-p3-do-piumaski-m6000-jupiter\/"},"modified":"2025-10-11T22:28:48","modified_gmt":"2025-10-11T20:28:48","slug":"zestaw-2-pochuaniaczy-p3-do-piumaski-m6000-jupiter","status":"publish","type":"product","link":"https:\/\/asbhp.pl\/?product=zestaw-2-pochuaniaczy-p3-do-piumaski-m6000-jupiter","title":{"rendered":"ZESTAW 2 POCH\u0141ANIACZY P3 DO P\u00d3\u0141MASKI M6000-JUPITER"},"content":{"rendered":"","protected":false},"excerpt":{"rendered":"<p>ZESTAW 2 POCH\u0141ANIACZY P3 DO P\u00d3\u0141MASKI M6000-JUPITER<\/p>\n","protected":false},"featured_media":3590,"comment_status":"closed","ping_status":"closed","template":"","meta":[],"product_brand":[],"product_cat":[1114,999],"product_tag":[106],"class_list":{"0":"post-3589","1":"product","2":"type-product","3":"status-publish","4":"has-post-thumbnail","6":"product_cat-filtry-i-pochlaniacze","7":"product_cat-ochrona-drog-oddechowych","8":"product_tag-deltaplus","10":"first","11":"instock","12":"purchasable","13":"product-type-simple"},"_links":{"self":[{"href":"https:\/\/asbhp.pl\/index.php?rest_route=\/wp\/v2\/product\/3589","targetHints":{"allow":["GET"]}}],"collection":[{"href":"https:\/\/asbhp.pl\/index.php?rest_route=\/wp\/v2\/product"}],"about":[{"href":"https:\/\/asbhp.pl\/index.php?rest_route=\/wp\/v2\/types\/product"}],"replies":[{"embeddable":true,"href":"https:\/\/asbhp.pl\/index.php?rest_route=%2Fwp%2Fv2%2Fcomments&post=3589"}],"wp:featuredmedia":[{"embeddable":true,"href":"https:\/\/asbhp.pl\/index.php?rest_route=\/wp\/v2\/media\/3590"}],"wp:attachment":[{"href":"https:\/\/asbhp.pl\/index.php?rest_route=%2Fwp%2Fv2%2Fmedia&parent=3589"}],"wp:term":[{"taxonomy":"product_brand","embeddable":true,"href":"https:\/\/asbhp.pl\/index.php?rest_route=%2Fwp%2Fv2%2Fproduct_brand&post=3589"},{"taxonomy":"product_cat","embeddable":true,"href":"https:\/\/asbhp.pl\/index.php?rest_route=%2Fwp%2Fv2%2Fproduct_cat&post=3589"},{"taxonomy":"product_tag","embeddable":true,"href":"https:\/\/asbhp.pl\/index.php?rest_route=%2Fwp%2Fv2%2Fproduct_tag&post=3589"}],"curies":[{"name":"wp","href":"https:\/\/api.w.org\/{rel}","templated":true}]}}