{"id":3595,"date":"2019-09-24T21:17:13","date_gmt":"2019-09-24T19:17:13","guid":{"rendered":"http:\/\/www.asbhp.pl\/produkt\/kit-piumaska-m6400-jupiter-2-wkuady-filtruj%c2%84ce-a2-p2\/"},"modified":"2025-10-11T22:11:53","modified_gmt":"2025-10-11T20:11:53","slug":"kit-piumaska-m6400-jupiter-2-wkuady-filtruj%c2%84ce-a2-p2","status":"publish","type":"product","link":"https:\/\/asbhp.pl\/?product=kit-piumaska-m6400-jupiter-2-wkuady-filtruj%c2%84ce-a2-p2","title":{"rendered":"KIT P\u00d3\u0141MASKA M6400-JUPITER +2 WK\u0141ADY FILTRUJ\u0104CE A2 P2"},"content":{"rendered":"","protected":false},"excerpt":{"rendered":"<p>KIT P\u00d3\u0141MASKA M6400-JUPITER +2 WK\u0141ADY FILTRUJ\u0104CE A2 P2<\/p>\n","protected":false},"featured_media":3596,"comment_status":"closed","ping_status":"closed","template":"","meta":[],"product_brand":[],"product_cat":[999,1000],"product_tag":[106],"class_list":{"0":"post-3595","1":"product","2":"type-product","3":"status-publish","4":"has-post-thumbnail","6":"product_cat-ochrona-drog-oddechowych","7":"product_cat-polmaski","8":"product_tag-deltaplus","10":"first","11":"instock","12":"purchasable","13":"product-type-simple"},"_links":{"self":[{"href":"https:\/\/asbhp.pl\/index.php?rest_route=\/wp\/v2\/product\/3595","targetHints":{"allow":["GET"]}}],"collection":[{"href":"https:\/\/asbhp.pl\/index.php?rest_route=\/wp\/v2\/product"}],"about":[{"href":"https:\/\/asbhp.pl\/index.php?rest_route=\/wp\/v2\/types\/product"}],"replies":[{"embeddable":true,"href":"https:\/\/asbhp.pl\/index.php?rest_route=%2Fwp%2Fv2%2Fcomments&post=3595"}],"wp:featuredmedia":[{"embeddable":true,"href":"https:\/\/asbhp.pl\/index.php?rest_route=\/wp\/v2\/media\/3596"}],"wp:attachment":[{"href":"https:\/\/asbhp.pl\/index.php?rest_route=%2Fwp%2Fv2%2Fmedia&parent=3595"}],"wp:term":[{"taxonomy":"product_brand","embeddable":true,"href":"https:\/\/asbhp.pl\/index.php?rest_route=%2Fwp%2Fv2%2Fproduct_brand&post=3595"},{"taxonomy":"product_cat","embeddable":true,"href":"https:\/\/asbhp.pl\/index.php?rest_route=%2Fwp%2Fv2%2Fproduct_cat&post=3595"},{"taxonomy":"product_tag","embeddable":true,"href":"https:\/\/asbhp.pl\/index.php?rest_route=%2Fwp%2Fv2%2Fproduct_tag&post=3595"}],"curies":[{"name":"wp","href":"https:\/\/api.w.org\/{rel}","templated":true}]}}