{"id":3889,"date":"2019-09-24T21:20:29","date_gmt":"2019-09-24T19:20:29","guid":{"rendered":"http:\/\/www.asbhp.pl\/produkt\/1-nar%c2%a2kawek-z-niepalnej-baweuny-100\/"},"modified":"2019-10-03T10:58:17","modified_gmt":"2019-10-03T08:58:17","slug":"1-nar%c2%a2kawek-z-niepalnej-baweuny-100","status":"publish","type":"product","link":"https:\/\/asbhp.pl\/?product=1-nar%c2%a2kawek-z-niepalnej-baweuny-100","title":{"rendered":"1 NAR\u0118KAWEK Z NIEPALNEJ BAWE\u0141NY, 100%"},"content":{"rendered":"","protected":false},"excerpt":{"rendered":"<p>1 NAR\u0118KAWEK Z NIEPALNEJ BAWE\u0141NY, 100%<\/p>\n","protected":false},"featured_media":3890,"comment_status":"closed","ping_status":"closed","template":"","meta":[],"product_brand":[],"product_cat":[16],"product_tag":[106],"class_list":{"0":"post-3889","1":"product","2":"type-product","3":"status-publish","4":"has-post-thumbnail","6":"product_cat-bez-kategorii","7":"product_tag-deltaplus","9":"first","10":"instock","11":"purchasable","12":"product-type-simple"},"_links":{"self":[{"href":"https:\/\/asbhp.pl\/index.php?rest_route=\/wp\/v2\/product\/3889","targetHints":{"allow":["GET"]}}],"collection":[{"href":"https:\/\/asbhp.pl\/index.php?rest_route=\/wp\/v2\/product"}],"about":[{"href":"https:\/\/asbhp.pl\/index.php?rest_route=\/wp\/v2\/types\/product"}],"replies":[{"embeddable":true,"href":"https:\/\/asbhp.pl\/index.php?rest_route=%2Fwp%2Fv2%2Fcomments&post=3889"}],"wp:featuredmedia":[{"embeddable":true,"href":"https:\/\/asbhp.pl\/index.php?rest_route=\/wp\/v2\/media\/3890"}],"wp:attachment":[{"href":"https:\/\/asbhp.pl\/index.php?rest_route=%2Fwp%2Fv2%2Fmedia&parent=3889"}],"wp:term":[{"taxonomy":"product_brand","embeddable":true,"href":"https:\/\/asbhp.pl\/index.php?rest_route=%2Fwp%2Fv2%2Fproduct_brand&post=3889"},{"taxonomy":"product_cat","embeddable":true,"href":"https:\/\/asbhp.pl\/index.php?rest_route=%2Fwp%2Fv2%2Fproduct_cat&post=3889"},{"taxonomy":"product_tag","embeddable":true,"href":"https:\/\/asbhp.pl\/index.php?rest_route=%2Fwp%2Fv2%2Fproduct_tag&post=3889"}],"curies":[{"name":"wp","href":"https:\/\/api.w.org\/{rel}","templated":true}]}}