{"id":3893,"date":"2019-09-24T21:20:29","date_gmt":"2019-09-24T19:20:29","guid":{"rendered":"http:\/\/www.asbhp.pl\/produkt\/opakowanie-100-nar%c2%a2kawkiw-polietylenowych-40x20-cm-gr-21-mikroniw\/"},"modified":"2019-10-05T21:44:01","modified_gmt":"2019-10-05T19:44:01","slug":"opakowanie-100-nar%c2%a2kawkiw-polietylenowych-40x20-cm-gr-21-mikroniw","status":"publish","type":"product","link":"https:\/\/asbhp.pl\/?product=opakowanie-100-nar%c2%a2kawkiw-polietylenowych-40x20-cm-gr-21-mikroniw","title":{"rendered":"OPAKOWANIE 100 NAR\u0118KAWK\u00d3W POLIETYLENOWYCH 40X20 CM GR. 21 MIKRON\u00d3W"},"content":{"rendered":"","protected":false},"excerpt":{"rendered":"<p>OPAKOWANIE 100 NAR\u0118KAWK\u00d3W POLIETYLENOWYCH 40X20 CM GR. 21 MIKRON\u00d3W<\/p>\n","protected":false},"featured_media":3894,"comment_status":"closed","ping_status":"closed","template":"","meta":[],"product_brand":[],"product_cat":[16],"product_tag":[106],"class_list":{"0":"post-3893","1":"product","2":"type-product","3":"status-publish","4":"has-post-thumbnail","6":"product_cat-bez-kategorii","7":"product_tag-deltaplus","9":"first","10":"instock","11":"purchasable","12":"product-type-simple"},"_links":{"self":[{"href":"https:\/\/asbhp.pl\/index.php?rest_route=\/wp\/v2\/product\/3893","targetHints":{"allow":["GET"]}}],"collection":[{"href":"https:\/\/asbhp.pl\/index.php?rest_route=\/wp\/v2\/product"}],"about":[{"href":"https:\/\/asbhp.pl\/index.php?rest_route=\/wp\/v2\/types\/product"}],"replies":[{"embeddable":true,"href":"https:\/\/asbhp.pl\/index.php?rest_route=%2Fwp%2Fv2%2Fcomments&post=3893"}],"wp:featuredmedia":[{"embeddable":true,"href":"https:\/\/asbhp.pl\/index.php?rest_route=\/wp\/v2\/media\/3894"}],"wp:attachment":[{"href":"https:\/\/asbhp.pl\/index.php?rest_route=%2Fwp%2Fv2%2Fmedia&parent=3893"}],"wp:term":[{"taxonomy":"product_brand","embeddable":true,"href":"https:\/\/asbhp.pl\/index.php?rest_route=%2Fwp%2Fv2%2Fproduct_brand&post=3893"},{"taxonomy":"product_cat","embeddable":true,"href":"https:\/\/asbhp.pl\/index.php?rest_route=%2Fwp%2Fv2%2Fproduct_cat&post=3893"},{"taxonomy":"product_tag","embeddable":true,"href":"https:\/\/asbhp.pl\/index.php?rest_route=%2Fwp%2Fv2%2Fproduct_tag&post=3893"}],"curies":[{"name":"wp","href":"https:\/\/api.w.org\/{rel}","templated":true}]}}