{"id":409,"date":"2019-10-02T16:16:22","date_gmt":"2019-10-02T14:16:22","guid":{"rendered":"http:\/\/www.asbhp.pl\/produkt\/lateks-szorst-rf4-sb\/"},"modified":"2025-10-11T20:34:24","modified_gmt":"2025-10-11T18:34:24","slug":"lateks-szorst-rf4-sb","status":"publish","type":"product","link":"https:\/\/asbhp.pl\/?product=lateks-szorst-rf4-sb","title":{"rendered":"LATEKS. SZORST. RF4 SB"},"content":{"rendered":"<p>..Rodzaj r\u0119kawicy: rekawica chemiczna,<\/p>\n<p>..D\u0142ugo\u015b\u0107 r\u0119kawicy: 300 mm,<\/p>\n<p>..Grubo\u015b\u0107 r\u0119kawicy: 1,2 mm,<\/p>\n<p>..Materia\u0142\/Dzianiana: w kolorze niebieskim, r\u0119kawice wykonane z szorstkowatego lateksu na kanwie dzianiny bawe\u0142nianej,     <\/p>\n<p>..EN 388 &#8211; Odporno\u015b\u0107 na uszkodzenia mechaniczne: 4: odporno\u015b\u0107 na \u015bcieranie,<\/p>\n<p>&nbsp;<\/p>\n","protected":false},"excerpt":{"rendered":"<p>Kolekcja: SUMMITECH<\/p>\n","protected":false},"featured_media":410,"comment_status":"open","ping_status":"open","template":"","meta":[],"product_brand":[],"product_cat":[97,936],"product_tag":[54],"class_list":{"0":"post-409","1":"product","2":"type-product","3":"status-publish","4":"has-post-thumbnail","6":"product_cat-rekawice","7":"product_cat-rekawice-chemiczne","8":"product_tag-sumirubber","10":"first","11":"instock","12":"purchasable","13":"product-type-simple"},"_links":{"self":[{"href":"https:\/\/asbhp.pl\/index.php?rest_route=\/wp\/v2\/product\/409","targetHints":{"allow":["GET"]}}],"collection":[{"href":"https:\/\/asbhp.pl\/index.php?rest_route=\/wp\/v2\/product"}],"about":[{"href":"https:\/\/asbhp.pl\/index.php?rest_route=\/wp\/v2\/types\/product"}],"replies":[{"embeddable":true,"href":"https:\/\/asbhp.pl\/index.php?rest_route=%2Fwp%2Fv2%2Fcomments&post=409"}],"wp:featuredmedia":[{"embeddable":true,"href":"https:\/\/asbhp.pl\/index.php?rest_route=\/wp\/v2\/media\/410"}],"wp:attachment":[{"href":"https:\/\/asbhp.pl\/index.php?rest_route=%2Fwp%2Fv2%2Fmedia&parent=409"}],"wp:term":[{"taxonomy":"product_brand","embeddable":true,"href":"https:\/\/asbhp.pl\/index.php?rest_route=%2Fwp%2Fv2%2Fproduct_brand&post=409"},{"taxonomy":"product_cat","embeddable":true,"href":"https:\/\/asbhp.pl\/index.php?rest_route=%2Fwp%2Fv2%2Fproduct_cat&post=409"},{"taxonomy":"product_tag","embeddable":true,"href":"https:\/\/asbhp.pl\/index.php?rest_route=%2Fwp%2Fv2%2Fproduct_tag&post=409"}],"curies":[{"name":"wp","href":"https:\/\/api.w.org\/{rel}","templated":true}]}}