{"id":419,"date":"2025-04-05T18:17:34","date_gmt":"2025-04-05T16:17:34","guid":{"rendered":"http:\/\/www.asbhp.pl\/produkt\/ze-sciagaczem\/"},"modified":"2025-06-14T18:21:52","modified_gmt":"2025-06-14T16:21:52","slug":"ze-sciagaczem","status":"publish","type":"product","link":"https:\/\/asbhp.pl\/?product=ze-sciagaczem","title":{"rendered":"ZE \u015aCI\u0104GACZEM"},"content":{"rendered":"<p>r\u0119kawica tekstylna,<\/p>\n<p>&nbsp;<\/p>\n<p>Zost\u0119pne warianty:<\/p>\n","protected":false},"excerpt":{"rendered":"<p>r\u0119kawica tekstylna, &nbsp; Zost\u0119pne warianty:<\/p>\n","protected":false},"featured_media":420,"comment_status":"closed","ping_status":"open","template":"","meta":[],"product_brand":[413],"product_cat":[97,103],"product_tag":[408],"class_list":{"0":"post-419","1":"product","2":"type-product","3":"status-publish","4":"has-post-thumbnail","6":"product_brand-polstar","7":"product_cat-rekawice","8":"product_cat-tekstylne-rekawice","9":"product_tag-polstar-holding-woloszczuk-sp-k","11":"first","12":"instock","13":"purchasable","14":"product-type-simple"},"_links":{"self":[{"href":"https:\/\/asbhp.pl\/index.php?rest_route=\/wp\/v2\/product\/419","targetHints":{"allow":["GET"]}}],"collection":[{"href":"https:\/\/asbhp.pl\/index.php?rest_route=\/wp\/v2\/product"}],"about":[{"href":"https:\/\/asbhp.pl\/index.php?rest_route=\/wp\/v2\/types\/product"}],"replies":[{"embeddable":true,"href":"https:\/\/asbhp.pl\/index.php?rest_route=%2Fwp%2Fv2%2Fcomments&post=419"}],"wp:featuredmedia":[{"embeddable":true,"href":"https:\/\/asbhp.pl\/index.php?rest_route=\/wp\/v2\/media\/420"}],"wp:attachment":[{"href":"https:\/\/asbhp.pl\/index.php?rest_route=%2Fwp%2Fv2%2Fmedia&parent=419"}],"wp:term":[{"taxonomy":"product_brand","embeddable":true,"href":"https:\/\/asbhp.pl\/index.php?rest_route=%2Fwp%2Fv2%2Fproduct_brand&post=419"},{"taxonomy":"product_cat","embeddable":true,"href":"https:\/\/asbhp.pl\/index.php?rest_route=%2Fwp%2Fv2%2Fproduct_cat&post=419"},{"taxonomy":"product_tag","embeddable":true,"href":"https:\/\/asbhp.pl\/index.php?rest_route=%2Fwp%2Fv2%2Fproduct_tag&post=419"}],"curies":[{"name":"wp","href":"https:\/\/api.w.org\/{rel}","templated":true}]}}