{"id":4309,"date":"2019-09-24T21:24:34","date_gmt":"2019-09-24T19:24:34","guid":{"rendered":"http:\/\/www.asbhp.pl\/produkt\/gogle-z-poliw%c2%a2glanu-bezbarwne-wentylacja-bezpoarednia\/"},"modified":"2025-10-11T21:02:53","modified_gmt":"2025-10-11T19:02:53","slug":"gogle-z-poliw%c2%a2glanu-bezbarwne-wentylacja-bezpoarednia","status":"publish","type":"product","link":"https:\/\/asbhp.pl\/?product=gogle-z-poliw%c2%a2glanu-bezbarwne-wentylacja-bezpoarednia","title":{"rendered":"GOGLE Z POLIW\u0118GLANU BEZBARWNE &#8211; WENTYLACJA BEZPO\u015aREDNIA"},"content":{"rendered":"","protected":false},"excerpt":{"rendered":"<p>GOGLE Z POLIW\u0118GLANU BEZBARWNE &#8211; WENTYLACJA BEZPO\u015aREDNIA<\/p>\n","protected":false},"featured_media":4310,"comment_status":"closed","ping_status":"closed","template":"","meta":[],"product_brand":[],"product_cat":[74,73],"product_tag":[106],"class_list":{"0":"post-4309","1":"product","2":"type-product","3":"status-publish","4":"has-post-thumbnail","6":"product_cat-gogle","7":"product_cat-ochrona-wzroku","8":"product_tag-deltaplus","10":"first","11":"instock","12":"purchasable","13":"product-type-simple"},"_links":{"self":[{"href":"https:\/\/asbhp.pl\/index.php?rest_route=\/wp\/v2\/product\/4309","targetHints":{"allow":["GET"]}}],"collection":[{"href":"https:\/\/asbhp.pl\/index.php?rest_route=\/wp\/v2\/product"}],"about":[{"href":"https:\/\/asbhp.pl\/index.php?rest_route=\/wp\/v2\/types\/product"}],"replies":[{"embeddable":true,"href":"https:\/\/asbhp.pl\/index.php?rest_route=%2Fwp%2Fv2%2Fcomments&post=4309"}],"wp:featuredmedia":[{"embeddable":true,"href":"https:\/\/asbhp.pl\/index.php?rest_route=\/wp\/v2\/media\/4310"}],"wp:attachment":[{"href":"https:\/\/asbhp.pl\/index.php?rest_route=%2Fwp%2Fv2%2Fmedia&parent=4309"}],"wp:term":[{"taxonomy":"product_brand","embeddable":true,"href":"https:\/\/asbhp.pl\/index.php?rest_route=%2Fwp%2Fv2%2Fproduct_brand&post=4309"},{"taxonomy":"product_cat","embeddable":true,"href":"https:\/\/asbhp.pl\/index.php?rest_route=%2Fwp%2Fv2%2Fproduct_cat&post=4309"},{"taxonomy":"product_tag","embeddable":true,"href":"https:\/\/asbhp.pl\/index.php?rest_route=%2Fwp%2Fv2%2Fproduct_tag&post=4309"}],"curies":[{"name":"wp","href":"https:\/\/api.w.org\/{rel}","templated":true}]}}