{"id":4563,"date":"2019-09-24T21:27:11","date_gmt":"2019-09-24T19:27:11","guid":{"rendered":"http:\/\/www.asbhp.pl\/produkt\/furauerka-regulowana-gira-z-papieru-perforowanego\/"},"modified":"2019-10-05T21:38:41","modified_gmt":"2019-10-05T19:38:41","slug":"furauerka-regulowana-gira-z-papieru-perforowanego","status":"publish","type":"product","link":"https:\/\/asbhp.pl\/?product=furauerka-regulowana-gira-z-papieru-perforowanego","title":{"rendered":"FURA\u017bERKA REGULOWANA G\u00d3RA Z PAPIERU PERFOROWANEGO"},"content":{"rendered":"","protected":false},"excerpt":{"rendered":"<p>FURA\u017bERKA REGULOWANA G\u00d3RA Z PAPIERU PERFOROWANEGO<\/p>\n","protected":false},"featured_media":4564,"comment_status":"closed","ping_status":"closed","template":"","meta":[],"product_brand":[],"product_cat":[16],"product_tag":[106],"class_list":{"0":"post-4563","1":"product","2":"type-product","3":"status-publish","4":"has-post-thumbnail","6":"product_cat-bez-kategorii","7":"product_tag-deltaplus","9":"first","10":"instock","11":"purchasable","12":"product-type-simple"},"_links":{"self":[{"href":"https:\/\/asbhp.pl\/index.php?rest_route=\/wp\/v2\/product\/4563","targetHints":{"allow":["GET"]}}],"collection":[{"href":"https:\/\/asbhp.pl\/index.php?rest_route=\/wp\/v2\/product"}],"about":[{"href":"https:\/\/asbhp.pl\/index.php?rest_route=\/wp\/v2\/types\/product"}],"replies":[{"embeddable":true,"href":"https:\/\/asbhp.pl\/index.php?rest_route=%2Fwp%2Fv2%2Fcomments&post=4563"}],"wp:featuredmedia":[{"embeddable":true,"href":"https:\/\/asbhp.pl\/index.php?rest_route=\/wp\/v2\/media\/4564"}],"wp:attachment":[{"href":"https:\/\/asbhp.pl\/index.php?rest_route=%2Fwp%2Fv2%2Fmedia&parent=4563"}],"wp:term":[{"taxonomy":"product_brand","embeddable":true,"href":"https:\/\/asbhp.pl\/index.php?rest_route=%2Fwp%2Fv2%2Fproduct_brand&post=4563"},{"taxonomy":"product_cat","embeddable":true,"href":"https:\/\/asbhp.pl\/index.php?rest_route=%2Fwp%2Fv2%2Fproduct_cat&post=4563"},{"taxonomy":"product_tag","embeddable":true,"href":"https:\/\/asbhp.pl\/index.php?rest_route=%2Fwp%2Fv2%2Fproduct_tag&post=4563"}],"curies":[{"name":"wp","href":"https:\/\/api.w.org\/{rel}","templated":true}]}}