{"id":4725,"date":"2019-09-24T21:37:02","date_gmt":"2019-09-24T19:37:02","guid":{"rendered":"http:\/\/www.asbhp.pl\/produkt\/uchwyt-osuony-twarzy-z-osuon%c2%84-z-siatki\/"},"modified":"2019-10-03T09:19:54","modified_gmt":"2019-10-03T07:19:54","slug":"uchwyt-osuony-twarzy-z-osuon%c2%84-z-siatki","status":"publish","type":"product","link":"https:\/\/asbhp.pl\/?product=uchwyt-osuony-twarzy-z-osuon%c2%84-z-siatki","title":{"rendered":"UCHWYT OS\u0141ONY TWARZY Z OS\u0141ON\u0104 Z SIATKI"},"content":{"rendered":"","protected":false},"excerpt":{"rendered":"<p>UCHWYT OS\u0141ONY TWARZY Z OS\u0141ON\u0104 Z SIATKI<\/p>\n","protected":false},"featured_media":4726,"comment_status":"closed","ping_status":"closed","template":"","meta":[],"product_brand":[],"product_cat":[59],"product_tag":[106],"class_list":{"0":"post-4725","1":"product","2":"type-product","3":"status-publish","4":"has-post-thumbnail","6":"product_cat-ochrona-glowy","7":"product_tag-deltaplus","9":"first","10":"instock","11":"purchasable","12":"product-type-simple"},"_links":{"self":[{"href":"https:\/\/asbhp.pl\/index.php?rest_route=\/wp\/v2\/product\/4725","targetHints":{"allow":["GET"]}}],"collection":[{"href":"https:\/\/asbhp.pl\/index.php?rest_route=\/wp\/v2\/product"}],"about":[{"href":"https:\/\/asbhp.pl\/index.php?rest_route=\/wp\/v2\/types\/product"}],"replies":[{"embeddable":true,"href":"https:\/\/asbhp.pl\/index.php?rest_route=%2Fwp%2Fv2%2Fcomments&post=4725"}],"wp:featuredmedia":[{"embeddable":true,"href":"https:\/\/asbhp.pl\/index.php?rest_route=\/wp\/v2\/media\/4726"}],"wp:attachment":[{"href":"https:\/\/asbhp.pl\/index.php?rest_route=%2Fwp%2Fv2%2Fmedia&parent=4725"}],"wp:term":[{"taxonomy":"product_brand","embeddable":true,"href":"https:\/\/asbhp.pl\/index.php?rest_route=%2Fwp%2Fv2%2Fproduct_brand&post=4725"},{"taxonomy":"product_cat","embeddable":true,"href":"https:\/\/asbhp.pl\/index.php?rest_route=%2Fwp%2Fv2%2Fproduct_cat&post=4725"},{"taxonomy":"product_tag","embeddable":true,"href":"https:\/\/asbhp.pl\/index.php?rest_route=%2Fwp%2Fv2%2Fproduct_tag&post=4725"}],"curies":[{"name":"wp","href":"https:\/\/api.w.org\/{rel}","templated":true}]}}