{"id":4746,"date":"2019-09-24T21:37:02","date_gmt":"2019-09-24T19:37:02","guid":{"rendered":"http:\/\/www.asbhp.pl\/produkt\/czepek-okr%c2%84guy-z-polipropylenu-biauy\/"},"modified":"2025-10-11T20:49:00","modified_gmt":"2025-10-11T18:49:00","slug":"czepek-okr%c2%84guy-z-polipropylenu-biauy","status":"publish","type":"product","link":"https:\/\/asbhp.pl\/?product=czepek-okr%c2%84guy-z-polipropylenu-biauy","title":{"rendered":"CZEPEK OKR\u0104G\u0141Y Z POLIPROPYLENU, BI\u015aY"},"content":{"rendered":"","protected":false},"excerpt":{"rendered":"<p>CZEPEK OKR\u0104G\u0141Y Z POLIPROPYLENU, BI\u015aY<\/p>\n","protected":false},"featured_media":4747,"comment_status":"closed","ping_status":"closed","template":"","meta":[],"product_brand":[],"product_cat":[1110,993],"product_tag":[106],"class_list":{"0":"post-4746","1":"product","2":"type-product","3":"status-publish","4":"has-post-thumbnail","6":"product_cat-czepki-ochrona-glowy-i-twarzy","7":"product_cat-ochrona-glowy-i-twarzy","8":"product_tag-deltaplus","10":"first","11":"instock","12":"purchasable","13":"product-type-simple"},"_links":{"self":[{"href":"https:\/\/asbhp.pl\/index.php?rest_route=\/wp\/v2\/product\/4746","targetHints":{"allow":["GET"]}}],"collection":[{"href":"https:\/\/asbhp.pl\/index.php?rest_route=\/wp\/v2\/product"}],"about":[{"href":"https:\/\/asbhp.pl\/index.php?rest_route=\/wp\/v2\/types\/product"}],"replies":[{"embeddable":true,"href":"https:\/\/asbhp.pl\/index.php?rest_route=%2Fwp%2Fv2%2Fcomments&post=4746"}],"wp:featuredmedia":[{"embeddable":true,"href":"https:\/\/asbhp.pl\/index.php?rest_route=\/wp\/v2\/media\/4747"}],"wp:attachment":[{"href":"https:\/\/asbhp.pl\/index.php?rest_route=%2Fwp%2Fv2%2Fmedia&parent=4746"}],"wp:term":[{"taxonomy":"product_brand","embeddable":true,"href":"https:\/\/asbhp.pl\/index.php?rest_route=%2Fwp%2Fv2%2Fproduct_brand&post=4746"},{"taxonomy":"product_cat","embeddable":true,"href":"https:\/\/asbhp.pl\/index.php?rest_route=%2Fwp%2Fv2%2Fproduct_cat&post=4746"},{"taxonomy":"product_tag","embeddable":true,"href":"https:\/\/asbhp.pl\/index.php?rest_route=%2Fwp%2Fv2%2Fproduct_tag&post=4746"}],"curies":[{"name":"wp","href":"https:\/\/api.w.org\/{rel}","templated":true}]}}