{"id":4750,"date":"2019-09-24T21:37:58","date_gmt":"2019-09-24T19:37:58","guid":{"rendered":"http:\/\/www.asbhp.pl\/produkt\/czepek-skuadany-z-polipropylenu-biauy\/"},"modified":"2025-10-11T20:49:00","modified_gmt":"2025-10-11T18:49:00","slug":"czepek-skuadany-z-polipropylenu-biauy","status":"publish","type":"product","link":"https:\/\/asbhp.pl\/?product=czepek-skuadany-z-polipropylenu-biauy","title":{"rendered":"CZEPEK SK\u0141ADANY Z POLIPROPYLENU, BI\u015aY"},"content":{"rendered":"","protected":false},"excerpt":{"rendered":"<p>CZEPEK SK\u0141ADANY Z POLIPROPYLENU, BI\u015aY<\/p>\n","protected":false},"featured_media":4751,"comment_status":"closed","ping_status":"closed","template":"","meta":[],"product_brand":[],"product_cat":[1110,993],"product_tag":[106],"class_list":{"0":"post-4750","1":"product","2":"type-product","3":"status-publish","4":"has-post-thumbnail","6":"product_cat-czepki-ochrona-glowy-i-twarzy","7":"product_cat-ochrona-glowy-i-twarzy","8":"product_tag-deltaplus","10":"first","11":"instock","12":"purchasable","13":"product-type-simple"},"_links":{"self":[{"href":"https:\/\/asbhp.pl\/index.php?rest_route=\/wp\/v2\/product\/4750","targetHints":{"allow":["GET"]}}],"collection":[{"href":"https:\/\/asbhp.pl\/index.php?rest_route=\/wp\/v2\/product"}],"about":[{"href":"https:\/\/asbhp.pl\/index.php?rest_route=\/wp\/v2\/types\/product"}],"replies":[{"embeddable":true,"href":"https:\/\/asbhp.pl\/index.php?rest_route=%2Fwp%2Fv2%2Fcomments&post=4750"}],"wp:featuredmedia":[{"embeddable":true,"href":"https:\/\/asbhp.pl\/index.php?rest_route=\/wp\/v2\/media\/4751"}],"wp:attachment":[{"href":"https:\/\/asbhp.pl\/index.php?rest_route=%2Fwp%2Fv2%2Fmedia&parent=4750"}],"wp:term":[{"taxonomy":"product_brand","embeddable":true,"href":"https:\/\/asbhp.pl\/index.php?rest_route=%2Fwp%2Fv2%2Fproduct_brand&post=4750"},{"taxonomy":"product_cat","embeddable":true,"href":"https:\/\/asbhp.pl\/index.php?rest_route=%2Fwp%2Fv2%2Fproduct_cat&post=4750"},{"taxonomy":"product_tag","embeddable":true,"href":"https:\/\/asbhp.pl\/index.php?rest_route=%2Fwp%2Fv2%2Fproduct_tag&post=4750"}],"curies":[{"name":"wp","href":"https:\/\/api.w.org\/{rel}","templated":true}]}}