{"id":4806,"date":"2019-09-24T21:38:34","date_gmt":"2019-09-24T19:38:34","guid":{"rendered":"http:\/\/www.asbhp.pl\/produkt\/r%c2%a2kawice-pvc-basf-duugoa%c2%8c-60-cm\/"},"modified":"2025-10-11T21:21:18","modified_gmt":"2025-10-11T19:21:18","slug":"r%c2%a2kawice-pvc-basf-duugoa%c2%8c-60-cm","status":"publish","type":"product","link":"https:\/\/asbhp.pl\/?product=r%c2%a2kawice-pvc-basf-duugoa%c2%8c-60-cm","title":{"rendered":"R\u0118KAWICE PVC BASF &#8211; D\u0141UGO\u015a\u0106 60 CM"},"content":{"rendered":"","protected":false},"excerpt":{"rendered":"<p>R\u0118KAWICE PVC BASF &#8211; D\u0141UGO\u015a\u0106 60 CM<\/p>\n","protected":false},"featured_media":4807,"comment_status":"closed","ping_status":"closed","template":"","meta":[],"product_brand":[],"product_cat":[97,424],"product_tag":[106],"class_list":{"0":"post-4806","1":"product","2":"type-product","3":"status-publish","4":"has-post-thumbnail","6":"product_cat-rekawice","7":"product_cat-rekawice-ochronne","8":"product_tag-deltaplus","10":"first","11":"instock","12":"purchasable","13":"product-type-simple"},"_links":{"self":[{"href":"https:\/\/asbhp.pl\/index.php?rest_route=\/wp\/v2\/product\/4806","targetHints":{"allow":["GET"]}}],"collection":[{"href":"https:\/\/asbhp.pl\/index.php?rest_route=\/wp\/v2\/product"}],"about":[{"href":"https:\/\/asbhp.pl\/index.php?rest_route=\/wp\/v2\/types\/product"}],"replies":[{"embeddable":true,"href":"https:\/\/asbhp.pl\/index.php?rest_route=%2Fwp%2Fv2%2Fcomments&post=4806"}],"wp:featuredmedia":[{"embeddable":true,"href":"https:\/\/asbhp.pl\/index.php?rest_route=\/wp\/v2\/media\/4807"}],"wp:attachment":[{"href":"https:\/\/asbhp.pl\/index.php?rest_route=%2Fwp%2Fv2%2Fmedia&parent=4806"}],"wp:term":[{"taxonomy":"product_brand","embeddable":true,"href":"https:\/\/asbhp.pl\/index.php?rest_route=%2Fwp%2Fv2%2Fproduct_brand&post=4806"},{"taxonomy":"product_cat","embeddable":true,"href":"https:\/\/asbhp.pl\/index.php?rest_route=%2Fwp%2Fv2%2Fproduct_cat&post=4806"},{"taxonomy":"product_tag","embeddable":true,"href":"https:\/\/asbhp.pl\/index.php?rest_route=%2Fwp%2Fv2%2Fproduct_tag&post=4806"}],"curies":[{"name":"wp","href":"https:\/\/api.w.org\/{rel}","templated":true}]}}