{"id":4811,"date":"2019-09-24T21:38:34","date_gmt":"2019-09-24T19:38:34","guid":{"rendered":"http:\/\/www.asbhp.pl\/produkt\/helm-ochronny-wi%c2%a2%c2%8fba-z-regulacj%c2%84-puynn%c2%84\/"},"modified":"2025-10-11T22:11:27","modified_gmt":"2025-10-11T20:11:27","slug":"helm-ochronny-wi%c2%a2%c2%8fba-z-regulacj%c2%84-puynn%c2%84","status":"publish","type":"product","link":"https:\/\/asbhp.pl\/?product=helm-ochronny-wi%c2%a2%c2%8fba-z-regulacj%c2%84-puynn%c2%84","title":{"rendered":"HE\u0141M OCHRONNY, WI\u0118\u008fBA Z REGULACJ\u0104 P\u0141YNN\u0104"},"content":{"rendered":"","protected":false},"excerpt":{"rendered":"<p>HE\u0141M OCHRONNY, WI\u0118\u008fBA Z REGULACJ\u0104 P\u0141YNN\u0104<\/p>\n","protected":false},"featured_media":4812,"comment_status":"closed","ping_status":"closed","template":"","meta":[],"product_brand":[],"product_cat":[994,993],"product_tag":[106],"class_list":{"0":"post-4811","1":"product","2":"type-product","3":"status-publish","4":"has-post-thumbnail","6":"product_cat-helmy-2","7":"product_cat-ochrona-glowy-i-twarzy","8":"product_tag-deltaplus","10":"first","11":"instock","12":"purchasable","13":"product-type-simple"},"_links":{"self":[{"href":"https:\/\/asbhp.pl\/index.php?rest_route=\/wp\/v2\/product\/4811","targetHints":{"allow":["GET"]}}],"collection":[{"href":"https:\/\/asbhp.pl\/index.php?rest_route=\/wp\/v2\/product"}],"about":[{"href":"https:\/\/asbhp.pl\/index.php?rest_route=\/wp\/v2\/types\/product"}],"replies":[{"embeddable":true,"href":"https:\/\/asbhp.pl\/index.php?rest_route=%2Fwp%2Fv2%2Fcomments&post=4811"}],"wp:featuredmedia":[{"embeddable":true,"href":"https:\/\/asbhp.pl\/index.php?rest_route=\/wp\/v2\/media\/4812"}],"wp:attachment":[{"href":"https:\/\/asbhp.pl\/index.php?rest_route=%2Fwp%2Fv2%2Fmedia&parent=4811"}],"wp:term":[{"taxonomy":"product_brand","embeddable":true,"href":"https:\/\/asbhp.pl\/index.php?rest_route=%2Fwp%2Fv2%2Fproduct_brand&post=4811"},{"taxonomy":"product_cat","embeddable":true,"href":"https:\/\/asbhp.pl\/index.php?rest_route=%2Fwp%2Fv2%2Fproduct_cat&post=4811"},{"taxonomy":"product_tag","embeddable":true,"href":"https:\/\/asbhp.pl\/index.php?rest_route=%2Fwp%2Fv2%2Fproduct_tag&post=4811"}],"curies":[{"name":"wp","href":"https:\/\/api.w.org\/{rel}","templated":true}]}}