{"id":526,"date":"2025-04-05T18:17:57","date_gmt":"2025-04-05T16:17:57","guid":{"rendered":"http:\/\/www.asbhp.pl\/produkt\/kurtka-parka-talvi\/"},"modified":"2025-10-10T14:03:40","modified_gmt":"2025-10-10T12:03:40","slug":"kurtka-parka-talvi","status":"publish","type":"product","link":"https:\/\/asbhp.pl\/?product=kurtka-parka-talvi","title":{"rendered":"KURTKA PARKA TALVI"},"content":{"rendered":"<p>zapinana na zamek dwustronny kryty listw\u0105 zapinan\u0105 na rzepy,<\/p>\n<p>&nbsp;<\/p>\n<p>Zost\u0119pne warianty:<\/p>\n","protected":false},"excerpt":{"rendered":"<p>zapinana na zamek dwustronny kryty listw\u0105 zapinan\u0105 na rzepy, &nbsp; Zost\u0119pne warianty:<\/p>\n","protected":false},"featured_media":0,"comment_status":"closed","ping_status":"open","template":"","meta":[],"product_brand":[413],"product_cat":[704,62],"product_tag":[408],"class_list":{"0":"post-526","1":"product","2":"type-product","3":"status-publish","5":"product_brand-polstar","6":"product_cat-kurtki-ocieplane","7":"product_cat-odziez-ocieplana","8":"product_tag-polstar-holding-woloszczuk-sp-k","10":"first","11":"instock","12":"purchasable","13":"product-type-simple"},"_links":{"self":[{"href":"https:\/\/asbhp.pl\/index.php?rest_route=\/wp\/v2\/product\/526","targetHints":{"allow":["GET"]}}],"collection":[{"href":"https:\/\/asbhp.pl\/index.php?rest_route=\/wp\/v2\/product"}],"about":[{"href":"https:\/\/asbhp.pl\/index.php?rest_route=\/wp\/v2\/types\/product"}],"replies":[{"embeddable":true,"href":"https:\/\/asbhp.pl\/index.php?rest_route=%2Fwp%2Fv2%2Fcomments&post=526"}],"wp:attachment":[{"href":"https:\/\/asbhp.pl\/index.php?rest_route=%2Fwp%2Fv2%2Fmedia&parent=526"}],"wp:term":[{"taxonomy":"product_brand","embeddable":true,"href":"https:\/\/asbhp.pl\/index.php?rest_route=%2Fwp%2Fv2%2Fproduct_brand&post=526"},{"taxonomy":"product_cat","embeddable":true,"href":"https:\/\/asbhp.pl\/index.php?rest_route=%2Fwp%2Fv2%2Fproduct_cat&post=526"},{"taxonomy":"product_tag","embeddable":true,"href":"https:\/\/asbhp.pl\/index.php?rest_route=%2Fwp%2Fv2%2Fproduct_tag&post=526"}],"curies":[{"name":"wp","href":"https:\/\/api.w.org\/{rel}","templated":true}]}}