{"id":5388,"date":"2019-09-24T21:44:51","date_gmt":"2019-09-24T19:44:51","guid":{"rendered":"http:\/\/www.asbhp.pl\/produkt\/fartuch-z-polietylenu-gruboa%c2%8c-20-mikroniw\/"},"modified":"2019-10-08T12:19:14","modified_gmt":"2019-10-08T10:19:14","slug":"fartuch-z-polietylenu-gruboa%c2%8c-20-mikroniw","status":"publish","type":"product","link":"https:\/\/asbhp.pl\/?product=fartuch-z-polietylenu-gruboa%c2%8c-20-mikroniw","title":{"rendered":"FARTUCH Z POLIETYLENU GRUBO\u015a\u0106 20 MIKRON\u00d3W"},"content":{"rendered":"","protected":false},"excerpt":{"rendered":"<p>FARTUCH Z POLIETYLENU GRUBO\u015a\u0106 20 MIKRON\u00d3W<\/p>\n","protected":false},"featured_media":5389,"comment_status":"closed","ping_status":"closed","template":"","meta":[],"product_brand":[],"product_cat":[84,41],"product_tag":[106],"class_list":{"0":"post-5388","1":"product","2":"type-product","3":"status-publish","4":"has-post-thumbnail","6":"product_cat-fartuchy-odziez-ochronna","7":"product_cat-odziez-ochronna","8":"product_tag-deltaplus","10":"first","11":"instock","12":"purchasable","13":"product-type-simple"},"_links":{"self":[{"href":"https:\/\/asbhp.pl\/index.php?rest_route=\/wp\/v2\/product\/5388","targetHints":{"allow":["GET"]}}],"collection":[{"href":"https:\/\/asbhp.pl\/index.php?rest_route=\/wp\/v2\/product"}],"about":[{"href":"https:\/\/asbhp.pl\/index.php?rest_route=\/wp\/v2\/types\/product"}],"replies":[{"embeddable":true,"href":"https:\/\/asbhp.pl\/index.php?rest_route=%2Fwp%2Fv2%2Fcomments&post=5388"}],"wp:featuredmedia":[{"embeddable":true,"href":"https:\/\/asbhp.pl\/index.php?rest_route=\/wp\/v2\/media\/5389"}],"wp:attachment":[{"href":"https:\/\/asbhp.pl\/index.php?rest_route=%2Fwp%2Fv2%2Fmedia&parent=5388"}],"wp:term":[{"taxonomy":"product_brand","embeddable":true,"href":"https:\/\/asbhp.pl\/index.php?rest_route=%2Fwp%2Fv2%2Fproduct_brand&post=5388"},{"taxonomy":"product_cat","embeddable":true,"href":"https:\/\/asbhp.pl\/index.php?rest_route=%2Fwp%2Fv2%2Fproduct_cat&post=5388"},{"taxonomy":"product_tag","embeddable":true,"href":"https:\/\/asbhp.pl\/index.php?rest_route=%2Fwp%2Fv2%2Fproduct_tag&post=5388"}],"curies":[{"name":"wp","href":"https:\/\/api.w.org\/{rel}","templated":true}]}}