{"id":5473,"date":"2019-09-24T21:46:04","date_gmt":"2019-09-24T19:46:04","guid":{"rendered":"http:\/\/www.asbhp.pl\/produkt\/r%c2%a2kawica-spawalnicza-z-dwoiny-bydl%c2%a2cej-strona-grzbietowa-aluminizowana\/"},"modified":"2025-10-11T21:21:17","modified_gmt":"2025-10-11T19:21:17","slug":"r%c2%a2kawica-spawalnicza-z-dwoiny-bydl%c2%a2cej-strona-grzbietowa-aluminizowana","status":"publish","type":"product","link":"https:\/\/asbhp.pl\/?product=r%c2%a2kawica-spawalnicza-z-dwoiny-bydl%c2%a2cej-strona-grzbietowa-aluminizowana","title":{"rendered":"R\u0118KAWICA SPAWALNICZA Z DWOINY BYDL\u0118CEJ, STRONA GRZBIETOWA ALUMINIZOWANA"},"content":{"rendered":"","protected":false},"excerpt":{"rendered":"<p>R\u0118KAWICA SPAWALNICZA Z DWOINY BYDL\u0118CEJ, STRONA GRZBIETOWA ALUMINIZOWANA<\/p>\n","protected":false},"featured_media":5474,"comment_status":"closed","ping_status":"closed","template":"","meta":[],"product_brand":[],"product_cat":[97,424],"product_tag":[106],"class_list":{"0":"post-5473","1":"product","2":"type-product","3":"status-publish","4":"has-post-thumbnail","6":"product_cat-rekawice","7":"product_cat-rekawice-ochronne","8":"product_tag-deltaplus","10":"first","11":"instock","12":"purchasable","13":"product-type-simple"},"_links":{"self":[{"href":"https:\/\/asbhp.pl\/index.php?rest_route=\/wp\/v2\/product\/5473","targetHints":{"allow":["GET"]}}],"collection":[{"href":"https:\/\/asbhp.pl\/index.php?rest_route=\/wp\/v2\/product"}],"about":[{"href":"https:\/\/asbhp.pl\/index.php?rest_route=\/wp\/v2\/types\/product"}],"replies":[{"embeddable":true,"href":"https:\/\/asbhp.pl\/index.php?rest_route=%2Fwp%2Fv2%2Fcomments&post=5473"}],"wp:featuredmedia":[{"embeddable":true,"href":"https:\/\/asbhp.pl\/index.php?rest_route=\/wp\/v2\/media\/5474"}],"wp:attachment":[{"href":"https:\/\/asbhp.pl\/index.php?rest_route=%2Fwp%2Fv2%2Fmedia&parent=5473"}],"wp:term":[{"taxonomy":"product_brand","embeddable":true,"href":"https:\/\/asbhp.pl\/index.php?rest_route=%2Fwp%2Fv2%2Fproduct_brand&post=5473"},{"taxonomy":"product_cat","embeddable":true,"href":"https:\/\/asbhp.pl\/index.php?rest_route=%2Fwp%2Fv2%2Fproduct_cat&post=5473"},{"taxonomy":"product_tag","embeddable":true,"href":"https:\/\/asbhp.pl\/index.php?rest_route=%2Fwp%2Fv2%2Fproduct_tag&post=5473"}],"curies":[{"name":"wp","href":"https:\/\/api.w.org\/{rel}","templated":true}]}}