{"id":5936,"date":"2019-09-24T21:53:31","date_gmt":"2019-09-24T19:53:31","guid":{"rendered":"http:\/\/www.asbhp.pl\/produkt\/r%c2%a2kawice-dziane-deltanocut%c2%a8-wn%c2%a2trze-duoni-powleczone-mikropiank%c2%84-nitrylow%c2%84-acieg-15\/"},"modified":"2025-10-11T21:21:17","modified_gmt":"2025-10-11T19:21:17","slug":"r%c2%a2kawice-dziane-deltanocut%c2%a8-wn%c2%a2trze-duoni-powleczone-mikropiank%c2%84-nitrylow%c2%84-acieg-15","status":"publish","type":"product","link":"https:\/\/asbhp.pl\/?product=r%c2%a2kawice-dziane-deltanocut%c2%a8-wn%c2%a2trze-duoni-powleczone-mikropiank%c2%84-nitrylow%c2%84-acieg-15","title":{"rendered":"R\u0118KAWICE DZIANE DELTANOCUT\u00a8 &#8211; WN\u0118TRZE D\u0141ONI POWLECZONE MIKROPIANK\u0104 NITRYLOW\u0104 &#8211; \u015aCIEG 15"},"content":{"rendered":"","protected":false},"excerpt":{"rendered":"<p>R\u0118KAWICE DZIANE DELTANOCUT\u00a8 &#8211; WN\u0118TRZE D\u0141ONI POWLECZONE MIKROPIANK\u0104 NITRYLOW\u0104 &#8211; \u015aCIEG 15<\/p>\n","protected":false},"featured_media":5937,"comment_status":"closed","ping_status":"closed","template":"","meta":[],"product_brand":[],"product_cat":[97,424],"product_tag":[106],"class_list":{"0":"post-5936","1":"product","2":"type-product","3":"status-publish","4":"has-post-thumbnail","6":"product_cat-rekawice","7":"product_cat-rekawice-ochronne","8":"product_tag-deltaplus","10":"first","11":"instock","12":"purchasable","13":"product-type-simple"},"_links":{"self":[{"href":"https:\/\/asbhp.pl\/index.php?rest_route=\/wp\/v2\/product\/5936","targetHints":{"allow":["GET"]}}],"collection":[{"href":"https:\/\/asbhp.pl\/index.php?rest_route=\/wp\/v2\/product"}],"about":[{"href":"https:\/\/asbhp.pl\/index.php?rest_route=\/wp\/v2\/types\/product"}],"replies":[{"embeddable":true,"href":"https:\/\/asbhp.pl\/index.php?rest_route=%2Fwp%2Fv2%2Fcomments&post=5936"}],"wp:featuredmedia":[{"embeddable":true,"href":"https:\/\/asbhp.pl\/index.php?rest_route=\/wp\/v2\/media\/5937"}],"wp:attachment":[{"href":"https:\/\/asbhp.pl\/index.php?rest_route=%2Fwp%2Fv2%2Fmedia&parent=5936"}],"wp:term":[{"taxonomy":"product_brand","embeddable":true,"href":"https:\/\/asbhp.pl\/index.php?rest_route=%2Fwp%2Fv2%2Fproduct_brand&post=5936"},{"taxonomy":"product_cat","embeddable":true,"href":"https:\/\/asbhp.pl\/index.php?rest_route=%2Fwp%2Fv2%2Fproduct_cat&post=5936"},{"taxonomy":"product_tag","embeddable":true,"href":"https:\/\/asbhp.pl\/index.php?rest_route=%2Fwp%2Fv2%2Fproduct_tag&post=5936"}],"curies":[{"name":"wp","href":"https:\/\/api.w.org\/{rel}","templated":true}]}}