{"id":6094,"date":"2019-09-24T21:55:20","date_gmt":"2019-09-24T19:55:20","guid":{"rendered":"http:\/\/www.asbhp.pl\/produkt\/zestaw-2-bezbarwnych-osuon-twarzy-z-poliw%c2%a2glanu\/"},"modified":"2019-10-03T09:03:46","modified_gmt":"2019-10-03T07:03:46","slug":"zestaw-2-bezbarwnych-osuon-twarzy-z-poliw%c2%a2glanu","status":"publish","type":"product","link":"https:\/\/asbhp.pl\/?product=zestaw-2-bezbarwnych-osuon-twarzy-z-poliw%c2%a2glanu","title":{"rendered":"ZESTAW 2 BEZBARWNYCH OS\u0141ON TWARZY Z POLIW\u0118GLANU"},"content":{"rendered":"","protected":false},"excerpt":{"rendered":"<p>ZESTAW 2 BEZBARWNYCH OS\u0141ON TWARZY Z POLIW\u0118GLANU<\/p>\n","protected":false},"featured_media":6095,"comment_status":"closed","ping_status":"closed","template":"","meta":[],"product_brand":[],"product_cat":[59],"product_tag":[106],"class_list":{"0":"post-6094","1":"product","2":"type-product","3":"status-publish","4":"has-post-thumbnail","6":"product_cat-ochrona-glowy","7":"product_tag-deltaplus","9":"first","10":"instock","11":"purchasable","12":"product-type-simple"},"_links":{"self":[{"href":"https:\/\/asbhp.pl\/index.php?rest_route=\/wp\/v2\/product\/6094","targetHints":{"allow":["GET"]}}],"collection":[{"href":"https:\/\/asbhp.pl\/index.php?rest_route=\/wp\/v2\/product"}],"about":[{"href":"https:\/\/asbhp.pl\/index.php?rest_route=\/wp\/v2\/types\/product"}],"replies":[{"embeddable":true,"href":"https:\/\/asbhp.pl\/index.php?rest_route=%2Fwp%2Fv2%2Fcomments&post=6094"}],"wp:featuredmedia":[{"embeddable":true,"href":"https:\/\/asbhp.pl\/index.php?rest_route=\/wp\/v2\/media\/6095"}],"wp:attachment":[{"href":"https:\/\/asbhp.pl\/index.php?rest_route=%2Fwp%2Fv2%2Fmedia&parent=6094"}],"wp:term":[{"taxonomy":"product_brand","embeddable":true,"href":"https:\/\/asbhp.pl\/index.php?rest_route=%2Fwp%2Fv2%2Fproduct_brand&post=6094"},{"taxonomy":"product_cat","embeddable":true,"href":"https:\/\/asbhp.pl\/index.php?rest_route=%2Fwp%2Fv2%2Fproduct_cat&post=6094"},{"taxonomy":"product_tag","embeddable":true,"href":"https:\/\/asbhp.pl\/index.php?rest_route=%2Fwp%2Fv2%2Fproduct_tag&post=6094"}],"curies":[{"name":"wp","href":"https:\/\/api.w.org\/{rel}","templated":true}]}}