{"id":647,"date":"2025-04-05T18:18:25","date_gmt":"2025-04-05T16:18:25","guid":{"rendered":"http:\/\/www.asbhp.pl\/produkt\/horizon\/"},"modified":"2025-06-14T18:21:46","modified_gmt":"2025-06-14T16:21:46","slug":"horizon","status":"publish","type":"product","link":"https:\/\/asbhp.pl\/?product=horizon","title":{"rendered":"HORIZON"},"content":{"rendered":"<p>r\u0119kawica z sk\u00f3ry syntetycznej,<\/p>\n<p>&nbsp;<\/p>\n<p>Zost\u0119pne warianty:<\/p>\n","protected":false},"excerpt":{"rendered":"<p>r\u0119kawica z sk\u00f3ry syntetycznej, &nbsp; Zost\u0119pne warianty:<\/p>\n","protected":false},"featured_media":648,"comment_status":"closed","ping_status":"open","template":"","meta":[],"product_brand":[413],"product_cat":[97,98],"product_tag":[408],"class_list":{"0":"post-647","1":"product","2":"type-product","3":"status-publish","4":"has-post-thumbnail","6":"product_brand-polstar","7":"product_cat-rekawice","8":"product_cat-ocieplane-rekawice","9":"product_tag-polstar-holding-woloszczuk-sp-k","11":"first","12":"instock","13":"purchasable","14":"product-type-simple"},"_links":{"self":[{"href":"https:\/\/asbhp.pl\/index.php?rest_route=\/wp\/v2\/product\/647","targetHints":{"allow":["GET"]}}],"collection":[{"href":"https:\/\/asbhp.pl\/index.php?rest_route=\/wp\/v2\/product"}],"about":[{"href":"https:\/\/asbhp.pl\/index.php?rest_route=\/wp\/v2\/types\/product"}],"replies":[{"embeddable":true,"href":"https:\/\/asbhp.pl\/index.php?rest_route=%2Fwp%2Fv2%2Fcomments&post=647"}],"wp:featuredmedia":[{"embeddable":true,"href":"https:\/\/asbhp.pl\/index.php?rest_route=\/wp\/v2\/media\/648"}],"wp:attachment":[{"href":"https:\/\/asbhp.pl\/index.php?rest_route=%2Fwp%2Fv2%2Fmedia&parent=647"}],"wp:term":[{"taxonomy":"product_brand","embeddable":true,"href":"https:\/\/asbhp.pl\/index.php?rest_route=%2Fwp%2Fv2%2Fproduct_brand&post=647"},{"taxonomy":"product_cat","embeddable":true,"href":"https:\/\/asbhp.pl\/index.php?rest_route=%2Fwp%2Fv2%2Fproduct_cat&post=647"},{"taxonomy":"product_tag","embeddable":true,"href":"https:\/\/asbhp.pl\/index.php?rest_route=%2Fwp%2Fv2%2Fproduct_tag&post=647"}],"curies":[{"name":"wp","href":"https:\/\/api.w.org\/{rel}","templated":true}]}}