{"id":701,"date":"2025-04-05T18:18:44","date_gmt":"2025-04-05T16:18:44","guid":{"rendered":"http:\/\/www.asbhp.pl\/produkt\/polbut-k11-s1-p-src-esd\/"},"modified":"2025-06-14T18:21:43","modified_gmt":"2025-06-14T16:21:43","slug":"polbut-k11-s1-p-src-esd","status":"publish","type":"product","link":"https:\/\/asbhp.pl\/?product=polbut-k11-s1-p-src-esd","title":{"rendered":"P\u00d3\u0141BUT K11 S1-P SRC ESD"},"content":{"rendered":"<p>p\u00f3\u0142but,<\/p>\n<p>&nbsp;<\/p>\n<p>Zost\u0119pne warianty:<\/p>\n","protected":false},"excerpt":{"rendered":"<p>p\u00f3\u0142but, &nbsp; Zost\u0119pne warianty:<\/p>\n","protected":false},"featured_media":702,"comment_status":"closed","ping_status":"open","template":"","meta":[],"product_brand":[413],"product_cat":[21,46],"product_tag":[408],"class_list":{"0":"post-701","1":"product","2":"type-product","3":"status-publish","4":"has-post-thumbnail","6":"product_brand-polstar","7":"product_cat-obuwie-robocze","8":"product_cat-polbuty","9":"product_tag-polstar-holding-woloszczuk-sp-k","11":"first","12":"instock","13":"purchasable","14":"product-type-simple"},"_links":{"self":[{"href":"https:\/\/asbhp.pl\/index.php?rest_route=\/wp\/v2\/product\/701","targetHints":{"allow":["GET"]}}],"collection":[{"href":"https:\/\/asbhp.pl\/index.php?rest_route=\/wp\/v2\/product"}],"about":[{"href":"https:\/\/asbhp.pl\/index.php?rest_route=\/wp\/v2\/types\/product"}],"replies":[{"embeddable":true,"href":"https:\/\/asbhp.pl\/index.php?rest_route=%2Fwp%2Fv2%2Fcomments&post=701"}],"wp:featuredmedia":[{"embeddable":true,"href":"https:\/\/asbhp.pl\/index.php?rest_route=\/wp\/v2\/media\/702"}],"wp:attachment":[{"href":"https:\/\/asbhp.pl\/index.php?rest_route=%2Fwp%2Fv2%2Fmedia&parent=701"}],"wp:term":[{"taxonomy":"product_brand","embeddable":true,"href":"https:\/\/asbhp.pl\/index.php?rest_route=%2Fwp%2Fv2%2Fproduct_brand&post=701"},{"taxonomy":"product_cat","embeddable":true,"href":"https:\/\/asbhp.pl\/index.php?rest_route=%2Fwp%2Fv2%2Fproduct_cat&post=701"},{"taxonomy":"product_tag","embeddable":true,"href":"https:\/\/asbhp.pl\/index.php?rest_route=%2Fwp%2Fv2%2Fproduct_tag&post=701"}],"curies":[{"name":"wp","href":"https:\/\/api.w.org\/{rel}","templated":true}]}}