{"id":758,"date":"2025-04-05T18:19:09","date_gmt":"2025-04-05T16:19:09","guid":{"rendered":"http:\/\/www.asbhp.pl\/produkt\/spodnie-do-pasa-ocieplane\/"},"modified":"2025-06-14T18:21:40","modified_gmt":"2025-06-14T16:21:40","slug":"spodnie-do-pasa-ocieplane","status":"publish","type":"product","link":"https:\/\/asbhp.pl\/?product=spodnie-do-pasa-ocieplane","title":{"rendered":"SPODNIE DO PASA OCIEPLANE"},"content":{"rendered":"<p>wykonany z wysokiej jako\u015bci materia\u0142u, kt\u00f3ry nawet po wielokrotnym praniu zapewnia stabilno\u015b\u0107 rozmiar\u00f3w i kolor\u00f3w,<\/p>\n<p>&nbsp;<\/p>\n<p>Zost\u0119pne warianty:<\/p>\n","protected":false},"excerpt":{"rendered":"<p>wykonany z wysokiej jako\u015bci materia\u0142u, kt\u00f3ry nawet po wielokrotnym praniu zapewnia stabilno\u015b\u0107 rozmiar\u00f3w i kolor\u00f3w, &nbsp; Zost\u0119pne warianty:<\/p>\n","protected":false},"featured_media":759,"comment_status":"closed","ping_status":"open","template":"","meta":[],"product_brand":[413],"product_cat":[62,72],"product_tag":[408],"class_list":{"0":"post-758","1":"product","2":"type-product","3":"status-publish","4":"has-post-thumbnail","6":"product_brand-polstar","7":"product_cat-odziez-ocieplana","8":"product_cat-spodnie-odziez-ocieplana","9":"product_tag-polstar-holding-woloszczuk-sp-k","11":"first","12":"instock","13":"purchasable","14":"product-type-simple"},"_links":{"self":[{"href":"https:\/\/asbhp.pl\/index.php?rest_route=\/wp\/v2\/product\/758","targetHints":{"allow":["GET"]}}],"collection":[{"href":"https:\/\/asbhp.pl\/index.php?rest_route=\/wp\/v2\/product"}],"about":[{"href":"https:\/\/asbhp.pl\/index.php?rest_route=\/wp\/v2\/types\/product"}],"replies":[{"embeddable":true,"href":"https:\/\/asbhp.pl\/index.php?rest_route=%2Fwp%2Fv2%2Fcomments&post=758"}],"wp:featuredmedia":[{"embeddable":true,"href":"https:\/\/asbhp.pl\/index.php?rest_route=\/wp\/v2\/media\/759"}],"wp:attachment":[{"href":"https:\/\/asbhp.pl\/index.php?rest_route=%2Fwp%2Fv2%2Fmedia&parent=758"}],"wp:term":[{"taxonomy":"product_brand","embeddable":true,"href":"https:\/\/asbhp.pl\/index.php?rest_route=%2Fwp%2Fv2%2Fproduct_brand&post=758"},{"taxonomy":"product_cat","embeddable":true,"href":"https:\/\/asbhp.pl\/index.php?rest_route=%2Fwp%2Fv2%2Fproduct_cat&post=758"},{"taxonomy":"product_tag","embeddable":true,"href":"https:\/\/asbhp.pl\/index.php?rest_route=%2Fwp%2Fv2%2Fproduct_tag&post=758"}],"curies":[{"name":"wp","href":"https:\/\/api.w.org\/{rel}","templated":true}]}}