{"id":893,"date":"2025-04-05T18:20:38","date_gmt":"2025-04-05T16:20:38","guid":{"rendered":"http:\/\/www.asbhp.pl\/produkt\/okulary-ochronne-unisafe\/"},"modified":"2025-06-14T18:21:38","modified_gmt":"2025-06-14T16:21:38","slug":"okulary-ochronne-unisafe","status":"publish","type":"product","link":"https:\/\/asbhp.pl\/?product=okulary-ochronne-unisafe","title":{"rendered":"OKULARY OCHRONNE UNISAFE"},"content":{"rendered":"<p>przezroczyste szk\u0142a z przezroczyst\u0105 ramk\u0105,<\/p>\n<p>&nbsp;<\/p>\n<p>Zost\u0119pne warianty:<\/p>\n","protected":false},"excerpt":{"rendered":"<p>przezroczyste szk\u0142a z przezroczyst\u0105 ramk\u0105, &nbsp; Zost\u0119pne warianty:<\/p>\n","protected":false},"featured_media":0,"comment_status":"closed","ping_status":"open","template":"","meta":[],"product_brand":[413],"product_cat":[73,90],"product_tag":[408],"class_list":{"0":"post-893","1":"product","2":"type-product","3":"status-publish","5":"product_brand-polstar","6":"product_cat-ochrona-wzroku","7":"product_cat-okulary-ochronne","8":"product_tag-polstar-holding-woloszczuk-sp-k","10":"first","11":"instock","12":"purchasable","13":"product-type-simple"},"_links":{"self":[{"href":"https:\/\/asbhp.pl\/index.php?rest_route=\/wp\/v2\/product\/893","targetHints":{"allow":["GET"]}}],"collection":[{"href":"https:\/\/asbhp.pl\/index.php?rest_route=\/wp\/v2\/product"}],"about":[{"href":"https:\/\/asbhp.pl\/index.php?rest_route=\/wp\/v2\/types\/product"}],"replies":[{"embeddable":true,"href":"https:\/\/asbhp.pl\/index.php?rest_route=%2Fwp%2Fv2%2Fcomments&post=893"}],"wp:attachment":[{"href":"https:\/\/asbhp.pl\/index.php?rest_route=%2Fwp%2Fv2%2Fmedia&parent=893"}],"wp:term":[{"taxonomy":"product_brand","embeddable":true,"href":"https:\/\/asbhp.pl\/index.php?rest_route=%2Fwp%2Fv2%2Fproduct_brand&post=893"},{"taxonomy":"product_cat","embeddable":true,"href":"https:\/\/asbhp.pl\/index.php?rest_route=%2Fwp%2Fv2%2Fproduct_cat&post=893"},{"taxonomy":"product_tag","embeddable":true,"href":"https:\/\/asbhp.pl\/index.php?rest_route=%2Fwp%2Fv2%2Fproduct_tag&post=893"}],"curies":[{"name":"wp","href":"https:\/\/api.w.org\/{rel}","templated":true}]}}