{"id":896,"date":"2019-09-24T20:38:32","date_gmt":"2019-09-24T18:38:32","guid":{"rendered":"http:\/\/www.asbhp.pl\/produkt\/wkuadka-do-butiw\/"},"modified":"2025-10-11T16:05:11","modified_gmt":"2025-10-11T14:05:11","slug":"wkuadka-do-butiw","status":"publish","type":"product","link":"https:\/\/asbhp.pl\/?product=wkuadka-do-butiw","title":{"rendered":"WK\u0141ADKA DO BUT\u00d3W"},"content":{"rendered":"","protected":false},"excerpt":{"rendered":"<p>WK\u0141ADKA DO BUT\u00d3W<\/p>\n","protected":false},"featured_media":897,"comment_status":"closed","ping_status":"closed","template":"","meta":[],"product_brand":[],"product_cat":[21,915],"product_tag":[106],"class_list":{"0":"post-896","1":"product","2":"type-product","3":"status-publish","4":"has-post-thumbnail","6":"product_cat-obuwie-robocze","7":"product_cat-wkladki-do-butow","8":"product_tag-deltaplus","10":"first","11":"instock","12":"purchasable","13":"product-type-simple"},"_links":{"self":[{"href":"https:\/\/asbhp.pl\/index.php?rest_route=\/wp\/v2\/product\/896","targetHints":{"allow":["GET"]}}],"collection":[{"href":"https:\/\/asbhp.pl\/index.php?rest_route=\/wp\/v2\/product"}],"about":[{"href":"https:\/\/asbhp.pl\/index.php?rest_route=\/wp\/v2\/types\/product"}],"replies":[{"embeddable":true,"href":"https:\/\/asbhp.pl\/index.php?rest_route=%2Fwp%2Fv2%2Fcomments&post=896"}],"wp:featuredmedia":[{"embeddable":true,"href":"https:\/\/asbhp.pl\/index.php?rest_route=\/wp\/v2\/media\/897"}],"wp:attachment":[{"href":"https:\/\/asbhp.pl\/index.php?rest_route=%2Fwp%2Fv2%2Fmedia&parent=896"}],"wp:term":[{"taxonomy":"product_brand","embeddable":true,"href":"https:\/\/asbhp.pl\/index.php?rest_route=%2Fwp%2Fv2%2Fproduct_brand&post=896"},{"taxonomy":"product_cat","embeddable":true,"href":"https:\/\/asbhp.pl\/index.php?rest_route=%2Fwp%2Fv2%2Fproduct_cat&post=896"},{"taxonomy":"product_tag","embeddable":true,"href":"https:\/\/asbhp.pl\/index.php?rest_route=%2Fwp%2Fv2%2Fproduct_tag&post=896"}],"curies":[{"name":"wp","href":"https:\/\/api.w.org\/{rel}","templated":true}]}}