{"id":932,"date":"2019-09-24T20:38:45","date_gmt":"2019-09-24T18:38:45","guid":{"rendered":"http:\/\/www.asbhp.pl\/produkt\/kr%c2%a2tlik-ze-znacznikiem-upadku-otwir-22-mm\/"},"modified":"2019-10-05T22:39:50","modified_gmt":"2019-10-05T20:39:50","slug":"kr%c2%a2tlik-ze-znacznikiem-upadku-otwir-22-mm","status":"publish","type":"product","link":"https:\/\/asbhp.pl\/?product=kr%c2%a2tlik-ze-znacznikiem-upadku-otwir-22-mm","title":{"rendered":"KR\u0118TLIK ZE ZNACZNIKIEM UPADKU &#8211; OTW\u00d3R 22 MM"},"content":{"rendered":"","protected":false},"excerpt":{"rendered":"<p>KR\u0118TLIK ZE ZNACZNIKIEM UPADKU &#8211; OTW\u00d3R 22 MM<\/p>\n","protected":false},"featured_media":933,"comment_status":"closed","ping_status":"closed","template":"","meta":[],"product_brand":[],"product_cat":[1108],"product_tag":[106],"class_list":{"0":"post-932","1":"product","2":"type-product","3":"status-publish","4":"has-post-thumbnail","6":"product_cat-ochrona-przed-updakiem","7":"product_tag-deltaplus","9":"first","10":"instock","11":"purchasable","12":"product-type-simple"},"_links":{"self":[{"href":"https:\/\/asbhp.pl\/index.php?rest_route=\/wp\/v2\/product\/932","targetHints":{"allow":["GET"]}}],"collection":[{"href":"https:\/\/asbhp.pl\/index.php?rest_route=\/wp\/v2\/product"}],"about":[{"href":"https:\/\/asbhp.pl\/index.php?rest_route=\/wp\/v2\/types\/product"}],"replies":[{"embeddable":true,"href":"https:\/\/asbhp.pl\/index.php?rest_route=%2Fwp%2Fv2%2Fcomments&post=932"}],"wp:featuredmedia":[{"embeddable":true,"href":"https:\/\/asbhp.pl\/index.php?rest_route=\/wp\/v2\/media\/933"}],"wp:attachment":[{"href":"https:\/\/asbhp.pl\/index.php?rest_route=%2Fwp%2Fv2%2Fmedia&parent=932"}],"wp:term":[{"taxonomy":"product_brand","embeddable":true,"href":"https:\/\/asbhp.pl\/index.php?rest_route=%2Fwp%2Fv2%2Fproduct_brand&post=932"},{"taxonomy":"product_cat","embeddable":true,"href":"https:\/\/asbhp.pl\/index.php?rest_route=%2Fwp%2Fv2%2Fproduct_cat&post=932"},{"taxonomy":"product_tag","embeddable":true,"href":"https:\/\/asbhp.pl\/index.php?rest_route=%2Fwp%2Fv2%2Fproduct_tag&post=932"}],"curies":[{"name":"wp","href":"https:\/\/api.w.org\/{rel}","templated":true}]}}