{"id":997,"date":"2019-09-24T20:39:30","date_gmt":"2019-09-24T18:39:30","guid":{"rendered":"http:\/\/www.asbhp.pl\/produkt\/zatrzaanik-bezpieczeastwa-z-nakr%c2%a2tk%c2%84-otwir-17-mm-zestaw-5\/"},"modified":"2019-10-05T22:38:47","modified_gmt":"2019-10-05T20:38:47","slug":"zatrzaanik-bezpieczeastwa-z-nakr%c2%a2tk%c2%84-otwir-17-mm-zestaw-5","status":"publish","type":"product","link":"https:\/\/asbhp.pl\/?product=zatrzaanik-bezpieczeastwa-z-nakr%c2%a2tk%c2%84-otwir-17-mm-zestaw-5","title":{"rendered":"ZATRZA\u015aNIK BEZPIECZE\u00c1STWA Z NAKR\u0118TK\u0104, OTW\u00d3R 17 MM &#8211; ZESTAW 5"},"content":{"rendered":"","protected":false},"excerpt":{"rendered":"<p>ZATRZA\u015aNIK BEZPIECZE\u00c1STWA Z NAKR\u0118TK\u0104, OTW\u00d3R 17 MM &#8211; ZESTAW 5<\/p>\n","protected":false},"featured_media":998,"comment_status":"closed","ping_status":"closed","template":"","meta":[],"product_brand":[],"product_cat":[1108],"product_tag":[106],"class_list":{"0":"post-997","1":"product","2":"type-product","3":"status-publish","4":"has-post-thumbnail","6":"product_cat-ochrona-przed-updakiem","7":"product_tag-deltaplus","9":"first","10":"instock","11":"purchasable","12":"product-type-simple"},"_links":{"self":[{"href":"https:\/\/asbhp.pl\/index.php?rest_route=\/wp\/v2\/product\/997","targetHints":{"allow":["GET"]}}],"collection":[{"href":"https:\/\/asbhp.pl\/index.php?rest_route=\/wp\/v2\/product"}],"about":[{"href":"https:\/\/asbhp.pl\/index.php?rest_route=\/wp\/v2\/types\/product"}],"replies":[{"embeddable":true,"href":"https:\/\/asbhp.pl\/index.php?rest_route=%2Fwp%2Fv2%2Fcomments&post=997"}],"wp:featuredmedia":[{"embeddable":true,"href":"https:\/\/asbhp.pl\/index.php?rest_route=\/wp\/v2\/media\/998"}],"wp:attachment":[{"href":"https:\/\/asbhp.pl\/index.php?rest_route=%2Fwp%2Fv2%2Fmedia&parent=997"}],"wp:term":[{"taxonomy":"product_brand","embeddable":true,"href":"https:\/\/asbhp.pl\/index.php?rest_route=%2Fwp%2Fv2%2Fproduct_brand&post=997"},{"taxonomy":"product_cat","embeddable":true,"href":"https:\/\/asbhp.pl\/index.php?rest_route=%2Fwp%2Fv2%2Fproduct_cat&post=997"},{"taxonomy":"product_tag","embeddable":true,"href":"https:\/\/asbhp.pl\/index.php?rest_route=%2Fwp%2Fv2%2Fproduct_tag&post=997"}],"curies":[{"name":"wp","href":"https:\/\/api.w.org\/{rel}","templated":true}]}}