{"id":999,"date":"2019-09-24T20:39:30","date_gmt":"2019-09-24T18:39:30","guid":{"rendered":"http:\/\/www.asbhp.pl\/produkt\/u%c2%84cznik-otwir-8-mm\/"},"modified":"2019-10-05T22:38:44","modified_gmt":"2019-10-05T20:38:44","slug":"u%c2%84cznik-otwir-8-mm","status":"publish","type":"product","link":"https:\/\/asbhp.pl\/?product=u%c2%84cznik-otwir-8-mm","title":{"rendered":"\u0141\u0104CZNIK, OTW\u00d3R 8 MM"},"content":{"rendered":"","protected":false},"excerpt":{"rendered":"<p>\u0141\u0104CZNIK, OTW\u00d3R 8 MM<\/p>\n","protected":false},"featured_media":1000,"comment_status":"closed","ping_status":"closed","template":"","meta":[],"product_brand":[],"product_cat":[1108],"product_tag":[106],"class_list":{"0":"post-999","1":"product","2":"type-product","3":"status-publish","4":"has-post-thumbnail","6":"product_cat-ochrona-przed-updakiem","7":"product_tag-deltaplus","9":"first","10":"instock","11":"purchasable","12":"product-type-simple"},"_links":{"self":[{"href":"https:\/\/asbhp.pl\/index.php?rest_route=\/wp\/v2\/product\/999","targetHints":{"allow":["GET"]}}],"collection":[{"href":"https:\/\/asbhp.pl\/index.php?rest_route=\/wp\/v2\/product"}],"about":[{"href":"https:\/\/asbhp.pl\/index.php?rest_route=\/wp\/v2\/types\/product"}],"replies":[{"embeddable":true,"href":"https:\/\/asbhp.pl\/index.php?rest_route=%2Fwp%2Fv2%2Fcomments&post=999"}],"wp:featuredmedia":[{"embeddable":true,"href":"https:\/\/asbhp.pl\/index.php?rest_route=\/wp\/v2\/media\/1000"}],"wp:attachment":[{"href":"https:\/\/asbhp.pl\/index.php?rest_route=%2Fwp%2Fv2%2Fmedia&parent=999"}],"wp:term":[{"taxonomy":"product_brand","embeddable":true,"href":"https:\/\/asbhp.pl\/index.php?rest_route=%2Fwp%2Fv2%2Fproduct_brand&post=999"},{"taxonomy":"product_cat","embeddable":true,"href":"https:\/\/asbhp.pl\/index.php?rest_route=%2Fwp%2Fv2%2Fproduct_cat&post=999"},{"taxonomy":"product_tag","embeddable":true,"href":"https:\/\/asbhp.pl\/index.php?rest_route=%2Fwp%2Fv2%2Fproduct_tag&post=999"}],"curies":[{"name":"wp","href":"https:\/\/api.w.org\/{rel}","templated":true}]}}